{"id":4599,"date":"2025-12-16T21:22:43","date_gmt":"2025-12-16T21:22:43","guid":{"rendered":"https:\/\/rovelotruck.ca\/todos-los-neumaticos\/top-line\/"},"modified":"2026-01-29T15:03:19","modified_gmt":"2026-01-29T15:03:19","slug":"top-line","status":"publish","type":"page","link":"https:\/\/rovelotruck.com\/es-us\/todos-los-neumaticos\/top-line\/","title":{"rendered":"TOP Line"},"content":{"rendered":"\n<div class=\"wp-block-cover has-custom-content-position is-position-top-center has-dark-color has-text-color has-link-color wp-elements-c5193bbb9a9f1e2fceab1d1bb353c507\" style=\"min-height:600px;aspect-ratio:unset;\"><img loading=\"lazy\" decoding=\"async\" width=\"1024\" height=\"981\" class=\"wp-block-cover__image-background wp-image-4473 size-large\" alt=\"\" src=\"https:\/\/rovelotruck.ca\/wp-content\/uploads\/2025\/12\/PLP-Section3-WhyTop-Background-1024x981.webp\" style=\"object-position:47% 90%\" data-object-fit=\"cover\" data-object-position=\"47% 90%\"\/><span aria-hidden=\"true\" class=\"wp-block-cover__background has-background-dim-100 has-background-dim wp-block-cover__gradient-background has-background-gradient has-light-fade-gradient-background\"><\/span><div class=\"wp-block-cover__inner-container\">\n<div class=\"wp-block-group container mt-5 mb-5\">\n<div class=\"wp-block-group col-lg-8 m-auto\">\n<h2 class=\"wp-block-heading has-text-align-center has-primary-color has-text-color has-link-color has-large-font-size wp-elements-9934454b0123495790ac1ccb1c336759\">\u00bfPor qu\u00e9 elegir TOP Line?<\/h2>\n\n\n\n<p class=\"has-text-align-center\">Los neum\u00e1ticos TOP LINE de Rovelo para camiones comerciales ofrecen una optimizaci\u00f3n t\u00e9cnica del rendimiento mediante ingenier\u00eda avanzada e innovaci\u00f3n probada. Con la menor resistencia a la rodadura en neum\u00e1ticos para camiones comerciales, un compuesto exclusivo EcoPoint\u00b3 con mezcla en fase l\u00edquida y tecnolog\u00eda de tal\u00f3n delgado para carcasas ligeras que ahorran combustible, TOP LINE est\u00e1 dise\u00f1ado para maximizar la eficiencia. Con dise\u00f1os espec\u00edficos para cada posici\u00f3n de eje y el apoyo de la I+D global de Sailun y un rendimiento demostrado en campo, TOP LINE proporciona un rendimiento fiable donde m\u00e1s importa.  <\/p>\n<\/div>\n<\/div>\n<\/div><\/div>\n","protected":false},"excerpt":{"rendered":"","protected":false},"author":1,"featured_media":0,"parent":3884,"menu_order":0,"comment_status":"closed","ping_status":"closed","template":"page-tires.php","meta":{"_acf_changed":false,"footnotes":""},"class_list":["post-4599","page","type-page","status-publish","hentry"],"acf":[],"yoast_head":"<!-- This site is optimized with the Yoast SEO plugin v27.4 - https:\/\/yoast.com\/product\/yoast-seo-wordpress\/ -->\n<title>TOP Line | Rovelo Tire Canada<\/title>\n<meta name=\"robots\" content=\"index, follow, max-snippet:-1, max-image-preview:large, max-video-preview:-1\" \/>\n<link rel=\"canonical\" href=\"https:\/\/rovelotruck.com\/es-us\/todos-los-neumaticos\/top-line\/\" \/>\n<meta property=\"og:locale\" content=\"es_ES\" \/>\n<meta property=\"og:type\" content=\"article\" \/>\n<meta property=\"og:title\" content=\"TOP Line | Rovelo Tire Canada\" \/>\n<meta property=\"og:url\" content=\"https:\/\/rovelotruck.com\/es-us\/todos-los-neumaticos\/top-line\/\" \/>\n<meta property=\"og:site_name\" content=\"Rovelo Tire Canada\" \/>\n<meta property=\"article:modified_time\" content=\"2026-01-29T15:03:19+00:00\" \/>\n<meta property=\"og:image\" content=\"https:\/\/rovelotruck.ca\/wp-content\/uploads\/2025\/12\/PLP-Section3-WhyTop-Background-1024x981.webp\" \/>\n<meta name=\"twitter:card\" content=\"summary_large_image\" \/>\n<script type=\"application\/ld+json\" class=\"yoast-schema-graph\">{\"@context\":\"https:\\\/\\\/schema.org\",\"@graph\":[{\"@type\":\"WebPage\",\"@id\":\"https:\\\/\\\/rovelotruck.com\\\/es-us\\\/todos-los-neumaticos\\\/top-line\\\/\",\"url\":\"https:\\\/\\\/rovelotruck.com\\\/es-us\\\/todos-los-neumaticos\\\/top-line\\\/\",\"name\":\"TOP Line | Rovelo Tire Canada\",\"isPartOf\":{\"@id\":\"https:\\\/\\\/rovelotruck.ca\\\/#website\"},\"primaryImageOfPage\":{\"@id\":\"https:\\\/\\\/rovelotruck.com\\\/es-us\\\/todos-los-neumaticos\\\/top-line\\\/#primaryimage\"},\"image\":{\"@id\":\"https:\\\/\\\/rovelotruck.com\\\/es-us\\\/todos-los-neumaticos\\\/top-line\\\/#primaryimage\"},\"thumbnailUrl\":\"https:\\\/\\\/rovelotruck.ca\\\/wp-content\\\/uploads\\\/2025\\\/12\\\/PLP-Section3-WhyTop-Background-1024x981.webp\",\"datePublished\":\"2025-12-16T21:22:43+00:00\",\"dateModified\":\"2026-01-29T15:03:19+00:00\",\"breadcrumb\":{\"@id\":\"https:\\\/\\\/rovelotruck.com\\\/es-us\\\/todos-los-neumaticos\\\/top-line\\\/#breadcrumb\"},\"inLanguage\":\"es-US\",\"potentialAction\":[{\"@type\":\"ReadAction\",\"target\":[\"https:\\\/\\\/rovelotruck.com\\\/es-us\\\/todos-los-neumaticos\\\/top-line\\\/\"]}]},{\"@type\":\"ImageObject\",\"inLanguage\":\"es-US\",\"@id\":\"https:\\\/\\\/rovelotruck.com\\\/es-us\\\/todos-los-neumaticos\\\/top-line\\\/#primaryimage\",\"url\":\"https:\\\/\\\/rovelotruck.ca\\\/wp-content\\\/uploads\\\/2025\\\/12\\\/PLP-Section3-WhyTop-Background-1024x981.webp\",\"contentUrl\":\"https:\\\/\\\/rovelotruck.ca\\\/wp-content\\\/uploads\\\/2025\\\/12\\\/PLP-Section3-WhyTop-Background-1024x981.webp\"},{\"@type\":\"BreadcrumbList\",\"@id\":\"https:\\\/\\\/rovelotruck.com\\\/es-us\\\/todos-los-neumaticos\\\/top-line\\\/#breadcrumb\",\"itemListElement\":[{\"@type\":\"ListItem\",\"position\":1,\"name\":\"Home\",\"item\":\"https:\\\/\\\/rovelotruck.com\\\/es-us\\\/\"},{\"@type\":\"ListItem\",\"position\":2,\"name\":\"TODOS LOS NEUM\u00c1TICOS\",\"item\":\"https:\\\/\\\/rovelotruck.com\\\/es-us\\\/todos-los-neumaticos\\\/\"},{\"@type\":\"ListItem\",\"position\":3,\"name\":\"TOP Line\"}]},{\"@type\":\"WebSite\",\"@id\":\"https:\\\/\\\/rovelotruck.ca\\\/#website\",\"url\":\"https:\\\/\\\/rovelotruck.ca\\\/\",\"name\":\"Rovelo Tires Canada\",\"description\":\"\",\"publisher\":{\"@id\":\"https:\\\/\\\/rovelotruck.ca\\\/#organization\"},\"potentialAction\":[{\"@type\":\"SearchAction\",\"target\":{\"@type\":\"EntryPoint\",\"urlTemplate\":\"https:\\\/\\\/rovelotruck.ca\\\/?s={search_term_string}\"},\"query-input\":{\"@type\":\"PropertyValueSpecification\",\"valueRequired\":true,\"valueName\":\"search_term_string\"}}],\"inLanguage\":\"es-US\"},{\"@type\":\"Organization\",\"@id\":\"https:\\\/\\\/rovelotruck.ca\\\/#organization\",\"name\":\"Rovelo Tires Canada\",\"url\":\"https:\\\/\\\/rovelotruck.ca\\\/\",\"logo\":{\"@type\":\"ImageObject\",\"inLanguage\":\"es-US\",\"@id\":\"https:\\\/\\\/rovelotruck.ca\\\/#\\\/schema\\\/logo\\\/image\\\/\",\"url\":\"https:\\\/\\\/rovelotruck.com\\\/wp-content\\\/uploads\\\/2025\\\/04\\\/rovelo-logo.svg\",\"contentUrl\":\"https:\\\/\\\/rovelotruck.com\\\/wp-content\\\/uploads\\\/2025\\\/04\\\/rovelo-logo.svg\",\"caption\":\"Rovelo Tires Canada\"},\"image\":{\"@id\":\"https:\\\/\\\/rovelotruck.ca\\\/#\\\/schema\\\/logo\\\/image\\\/\"}}]}<\/script>\n<!-- \/ Yoast SEO plugin. -->","yoast_head_json":{"title":"TOP Line | Rovelo Tire Canada","robots":{"index":"index","follow":"follow","max-snippet":"max-snippet:-1","max-image-preview":"max-image-preview:large","max-video-preview":"max-video-preview:-1"},"canonical":"https:\/\/rovelotruck.com\/es-us\/todos-los-neumaticos\/top-line\/","og_locale":"es_ES","og_type":"article","og_title":"TOP Line | Rovelo Tire Canada","og_url":"https:\/\/rovelotruck.com\/es-us\/todos-los-neumaticos\/top-line\/","og_site_name":"Rovelo Tire Canada","article_modified_time":"2026-01-29T15:03:19+00:00","og_image":[{"url":"https:\/\/rovelotruck.ca\/wp-content\/uploads\/2025\/12\/PLP-Section3-WhyTop-Background-1024x981.webp","type":"","width":"","height":""}],"twitter_card":"summary_large_image","schema":{"@context":"https:\/\/schema.org","@graph":[{"@type":"WebPage","@id":"https:\/\/rovelotruck.com\/es-us\/todos-los-neumaticos\/top-line\/","url":"https:\/\/rovelotruck.com\/es-us\/todos-los-neumaticos\/top-line\/","name":"TOP Line | Rovelo Tire Canada","isPartOf":{"@id":"https:\/\/rovelotruck.ca\/#website"},"primaryImageOfPage":{"@id":"https:\/\/rovelotruck.com\/es-us\/todos-los-neumaticos\/top-line\/#primaryimage"},"image":{"@id":"https:\/\/rovelotruck.com\/es-us\/todos-los-neumaticos\/top-line\/#primaryimage"},"thumbnailUrl":"https:\/\/rovelotruck.ca\/wp-content\/uploads\/2025\/12\/PLP-Section3-WhyTop-Background-1024x981.webp","datePublished":"2025-12-16T21:22:43+00:00","dateModified":"2026-01-29T15:03:19+00:00","breadcrumb":{"@id":"https:\/\/rovelotruck.com\/es-us\/todos-los-neumaticos\/top-line\/#breadcrumb"},"inLanguage":"es-US","potentialAction":[{"@type":"ReadAction","target":["https:\/\/rovelotruck.com\/es-us\/todos-los-neumaticos\/top-line\/"]}]},{"@type":"ImageObject","inLanguage":"es-US","@id":"https:\/\/rovelotruck.com\/es-us\/todos-los-neumaticos\/top-line\/#primaryimage","url":"https:\/\/rovelotruck.ca\/wp-content\/uploads\/2025\/12\/PLP-Section3-WhyTop-Background-1024x981.webp","contentUrl":"https:\/\/rovelotruck.ca\/wp-content\/uploads\/2025\/12\/PLP-Section3-WhyTop-Background-1024x981.webp"},{"@type":"BreadcrumbList","@id":"https:\/\/rovelotruck.com\/es-us\/todos-los-neumaticos\/top-line\/#breadcrumb","itemListElement":[{"@type":"ListItem","position":1,"name":"Home","item":"https:\/\/rovelotruck.com\/es-us\/"},{"@type":"ListItem","position":2,"name":"TODOS LOS NEUM\u00c1TICOS","item":"https:\/\/rovelotruck.com\/es-us\/todos-los-neumaticos\/"},{"@type":"ListItem","position":3,"name":"TOP Line"}]},{"@type":"WebSite","@id":"https:\/\/rovelotruck.ca\/#website","url":"https:\/\/rovelotruck.ca\/","name":"Rovelo Tires Canada","description":"","publisher":{"@id":"https:\/\/rovelotruck.ca\/#organization"},"potentialAction":[{"@type":"SearchAction","target":{"@type":"EntryPoint","urlTemplate":"https:\/\/rovelotruck.ca\/?s={search_term_string}"},"query-input":{"@type":"PropertyValueSpecification","valueRequired":true,"valueName":"search_term_string"}}],"inLanguage":"es-US"},{"@type":"Organization","@id":"https:\/\/rovelotruck.ca\/#organization","name":"Rovelo Tires Canada","url":"https:\/\/rovelotruck.ca\/","logo":{"@type":"ImageObject","inLanguage":"es-US","@id":"https:\/\/rovelotruck.ca\/#\/schema\/logo\/image\/","url":"https:\/\/rovelotruck.com\/wp-content\/uploads\/2025\/04\/rovelo-logo.svg","contentUrl":"https:\/\/rovelotruck.com\/wp-content\/uploads\/2025\/04\/rovelo-logo.svg","caption":"Rovelo Tires Canada"},"image":{"@id":"https:\/\/rovelotruck.ca\/#\/schema\/logo\/image\/"}}]}},"_links":{"self":[{"href":"https:\/\/rovelotruck.com\/es-us\/wp-json\/wp\/v2\/pages\/4599","targetHints":{"allow":["GET"]}}],"collection":[{"href":"https:\/\/rovelotruck.com\/es-us\/wp-json\/wp\/v2\/pages"}],"about":[{"href":"https:\/\/rovelotruck.com\/es-us\/wp-json\/wp\/v2\/types\/page"}],"author":[{"embeddable":true,"href":"https:\/\/rovelotruck.com\/es-us\/wp-json\/wp\/v2\/users\/1"}],"replies":[{"embeddable":true,"href":"https:\/\/rovelotruck.com\/es-us\/wp-json\/wp\/v2\/comments?post=4599"}],"version-history":[{"count":2,"href":"https:\/\/rovelotruck.com\/es-us\/wp-json\/wp\/v2\/pages\/4599\/revisions"}],"predecessor-version":[{"id":4668,"href":"https:\/\/rovelotruck.com\/es-us\/wp-json\/wp\/v2\/pages\/4599\/revisions\/4668"}],"up":[{"embeddable":true,"href":"https:\/\/rovelotruck.com\/es-us\/wp-json\/wp\/v2\/pages\/3884"}],"wp:attachment":[{"href":"https:\/\/rovelotruck.com\/es-us\/wp-json\/wp\/v2\/media?parent=4599"}],"curies":[{"name":"wp","href":"https:\/\/api.w.org\/{rel}","templated":true}]}}